{"id":81648,"date":"2024-11-27T15:51:14","date_gmt":"2024-11-27T15:51:14","guid":{"rendered":"https:\/\/anca.com.co\/sitio\/?page_id=81648"},"modified":"2024-11-28T14:57:32","modified_gmt":"2024-11-28T14:57:32","slug":"afiliate","status":"publish","type":"page","link":"https:\/\/anca.com.co\/sitio\/afiliate\/","title":{"rendered":"Af\u00edliate"},"content":{"rendered":"\t\t<div data-elementor-type=\"wp-page\" data-elementor-id=\"81648\" class=\"elementor elementor-81648\">\n\t\t\t\t<div class=\"elementor-element elementor-element-2ee4f06 e-con-full e-flex e-con e-parent\" data-id=\"2ee4f06\" data-element_type=\"container\" data-settings=\"{&quot;background_background&quot;:&quot;classic&quot;}\">\n\t\t<div class=\"elementor-element elementor-element-bb0bdaa e-con-full e-flex e-con e-child\" data-id=\"bb0bdaa\" data-element_type=\"container\" data-settings=\"{&quot;background_background&quot;:&quot;classic&quot;}\">\n\t\t<div class=\"elementor-element elementor-element-b881fc5 e-con-full e-flex e-con e-child\" data-id=\"b881fc5\" data-element_type=\"container\">\n\t\t<div class=\"elementor-element elementor-element-916c812 e-flex e-con-boxed e-con e-child\" data-id=\"916c812\" data-element_type=\"container\">\n\t\t\t\t\t<div class=\"e-con-inner\">\n\t\t<div class=\"elementor-element elementor-element-6a32e88 e-con-full e-flex e-con e-child\" data-id=\"6a32e88\" data-element_type=\"container\">\n\t\t\t\t<div class=\"elementor-element elementor-element-0873ebe border-left-shape elementor-widget elementor-widget-image\" data-id=\"0873ebe\" data-element_type=\"widget\" data-widget_type=\"image.default\">\n\t\t\t\t<div class=\"elementor-widget-container\">\n\t\t\t\t\t\t\t\t\t\t\t\t\t<img fetchpriority=\"high\" decoding=\"async\" width=\"646\" height=\"431\" src=\"https:\/\/anca.com.co\/sitio\/wp-content\/uploads\/2024\/11\/ANCA-VISION.jpg\" class=\"attachment-full size-full wp-image-81167\" alt=\"\" srcset=\"https:\/\/anca.com.co\/sitio\/wp-content\/uploads\/2024\/11\/ANCA-VISION.jpg 646w, https:\/\/anca.com.co\/sitio\/wp-content\/uploads\/2024\/11\/ANCA-VISION-600x400.jpg 600w\" sizes=\"(max-width: 646px) 100vw, 646px\" \/>\t\t\t\t\t\t\t\t\t\t\t\t\t<\/div>\n\t\t\t\t<\/div>\n\t\t\t\t<div class=\"elementor-element elementor-element-fc47213 elementor-widget-tablet__width-inherit elementor-widget elementor-widget-heading\" data-id=\"fc47213\" data-element_type=\"widget\" data-widget_type=\"heading.default\">\n\t\t\t\t<div class=\"elementor-widget-container\">\n\t\t\t<div class=\"elementor-heading-title elementor-size-default\"><span class=\"sub-title\"><\/span> Asociaci\u00f3n Nacional de Caballistas<\/div>\t\t<\/div>\n\t\t\t\t<\/div>\n\t\t\t\t<\/div>\n\t\t<div class=\"elementor-element elementor-element-3cd7879 e-con-full e-flex e-con e-child\" data-id=\"3cd7879\" data-element_type=\"container\">\n\t\t\t\t<div class=\"elementor-element elementor-element-9783e8a cea-tablet-align-left elementor-widget elementor-widget-ceasectiontitle\" data-id=\"9783e8a\" data-element_type=\"widget\" data-widget_type=\"ceasectiontitle.default\">\n\t\t\t\t<div class=\"elementor-widget-container\">\n\t\t\t<div class=\"section-title-wrapper\"><div class=\"title-wrap\"><div class=\"sub-title\"><span class=\"subtitle-dots\">ANCA<\/span><\/div><h2 class=\"section-title\">Af\u00edliate<\/h2><\/div><!-- .title-wrap --><div class=\"section-description\"><p class=\"lead d-block\">S\u00e9 parte de la familia ANCA<\/p><p class=\"section-content\">Te invitamos a ser parte de nuestro selecto grupo de amigos del caballo criollo colombiano.\n<\/p><\/div><!-- .section-description --><\/div><!-- .section-title-wrapper -->\t\t<\/div>\n\t\t\t\t<\/div>\n\t\t\t\t<div class=\"elementor-element elementor-element-f594a1e elementor-icon-list--layout-traditional elementor-list-item-link-full_width elementor-widget elementor-widget-icon-list\" data-id=\"f594a1e\" data-element_type=\"widget\" data-widget_type=\"icon-list.default\">\n\t\t\t\t<div class=\"elementor-widget-container\">\n\t\t\t\t\t<ul class=\"elementor-icon-list-items\">\n\t\t\t\t\t\t\t<li class=\"elementor-icon-list-item\">\n\t\t\t\t\t\t\t\t\t\t\t<span class=\"elementor-icon-list-icon\">\n\t\t\t\t\t\t\t<svg aria-hidden=\"true\" class=\"e-font-icon-svg e-fas-check-circle\" viewBox=\"0 0 512 512\" xmlns=\"http:\/\/www.w3.org\/2000\/svg\"><path d=\"M504 256c0 136.967-111.033 248-248 248S8 392.967 8 256 119.033 8 256 8s248 111.033 248 248zM227.314 387.314l184-184c6.248-6.248 6.248-16.379 0-22.627l-22.627-22.627c-6.248-6.249-16.379-6.249-22.628 0L216 308.118l-70.059-70.059c-6.248-6.248-16.379-6.248-22.628 0l-22.627 22.627c-6.248 6.248-6.248 16.379 0 22.627l104 104c6.249 6.249 16.379 6.249 22.628.001z\"><\/path><\/svg>\t\t\t\t\t\t<\/span>\n\t\t\t\t\t\t\t\t\t\t<span class=\"elementor-icon-list-text\">Informaci\u00f3n permanente y actualizada sobre todo lo concerniente con el CCC<\/span>\n\t\t\t\t\t\t\t\t\t<\/li>\n\t\t\t\t\t\t\t\t<li class=\"elementor-icon-list-item\">\n\t\t\t\t\t\t\t\t\t\t\t<span class=\"elementor-icon-list-icon\">\n\t\t\t\t\t\t\t<svg aria-hidden=\"true\" class=\"e-font-icon-svg e-fas-check-circle\" viewBox=\"0 0 512 512\" xmlns=\"http:\/\/www.w3.org\/2000\/svg\"><path d=\"M504 256c0 136.967-111.033 248-248 248S8 392.967 8 256 119.033 8 256 8s248 111.033 248 248zM227.314 387.314l184-184c6.248-6.248 6.248-16.379 0-22.627l-22.627-22.627c-6.248-6.249-16.379-6.249-22.628 0L216 308.118l-70.059-70.059c-6.248-6.248-16.379-6.248-22.628 0l-22.627 22.627c-6.248 6.248-6.248 16.379 0 22.627l104 104c6.249 6.249 16.379 6.249 22.628.001z\"><\/path><\/svg>\t\t\t\t\t\t<\/span>\n\t\t\t\t\t\t\t\t\t\t<span class=\"elementor-icon-list-text\">Asesor\u00eda permanente sobre tr\u00e1mites relacionados<\/span>\n\t\t\t\t\t\t\t\t\t<\/li>\n\t\t\t\t\t\t\t\t<li class=\"elementor-icon-list-item\">\n\t\t\t\t\t\t\t\t\t\t\t<span class=\"elementor-icon-list-icon\">\n\t\t\t\t\t\t\t<svg aria-hidden=\"true\" class=\"e-font-icon-svg e-fas-check-circle\" viewBox=\"0 0 512 512\" xmlns=\"http:\/\/www.w3.org\/2000\/svg\"><path d=\"M504 256c0 136.967-111.033 248-248 248S8 392.967 8 256 119.033 8 256 8s248 111.033 248 248zM227.314 387.314l184-184c6.248-6.248 6.248-16.379 0-22.627l-22.627-22.627c-6.248-6.249-16.379-6.249-22.628 0L216 308.118l-70.059-70.059c-6.248-6.248-16.379-6.248-22.628 0l-22.627 22.627c-6.248 6.248-6.248 16.379 0 22.627l104 104c6.249 6.249 16.379 6.249 22.628.001z\"><\/path><\/svg>\t\t\t\t\t\t<\/span>\n\t\t\t\t\t\t\t\t\t\t<span class=\"elementor-icon-list-text\">Tarifa preferencial en todo tipo de tr\u00e1mites con sus ejemplares, incluyendo toda la gama de nuestros servicios.<\/span>\n\t\t\t\t\t\t\t\t\t<\/li>\n\t\t\t\t\t\t\t\t<li class=\"elementor-icon-list-item\">\n\t\t\t\t\t\t\t\t\t\t\t<span class=\"elementor-icon-list-icon\">\n\t\t\t\t\t\t\t<svg aria-hidden=\"true\" class=\"e-font-icon-svg e-fas-check-circle\" viewBox=\"0 0 512 512\" xmlns=\"http:\/\/www.w3.org\/2000\/svg\"><path d=\"M504 256c0 136.967-111.033 248-248 248S8 392.967 8 256 119.033 8 256 8s248 111.033 248 248zM227.314 387.314l184-184c6.248-6.248 6.248-16.379 0-22.627l-22.627-22.627c-6.248-6.249-16.379-6.249-22.628 0L216 308.118l-70.059-70.059c-6.248-6.248-16.379-6.248-22.628 0l-22.627 22.627c-6.248 6.248-6.248 16.379 0 22.627l104 104c6.249 6.249 16.379 6.249 22.628.001z\"><\/path><\/svg>\t\t\t\t\t\t<\/span>\n\t\t\t\t\t\t\t\t\t\t<span class=\"elementor-icon-list-text\">Descuento especial por participaci\u00f3n en exposiciones organizadas por la asociaci\u00f3n<\/span>\n\t\t\t\t\t\t\t\t\t<\/li>\n\t\t\t\t\t\t\t\t<li class=\"elementor-icon-list-item\">\n\t\t\t\t\t\t\t\t\t\t\t<span class=\"elementor-icon-list-icon\">\n\t\t\t\t\t\t\t<svg aria-hidden=\"true\" class=\"e-font-icon-svg e-fas-check-circle\" viewBox=\"0 0 512 512\" xmlns=\"http:\/\/www.w3.org\/2000\/svg\"><path d=\"M504 256c0 136.967-111.033 248-248 248S8 392.967 8 256 119.033 8 256 8s248 111.033 248 248zM227.314 387.314l184-184c6.248-6.248 6.248-16.379 0-22.627l-22.627-22.627c-6.248-6.249-16.379-6.249-22.628 0L216 308.118l-70.059-70.059c-6.248-6.248-16.379-6.248-22.628 0l-22.627 22.627c-6.248 6.248-6.248 16.379 0 22.627l104 104c6.249 6.249 16.379 6.249 22.628.001z\"><\/path><\/svg>\t\t\t\t\t\t<\/span>\n\t\t\t\t\t\t\t\t\t\t<span class=\"elementor-icon-list-text\">Servicio de pesebreras con precio especial<\/span>\n\t\t\t\t\t\t\t\t\t<\/li>\n\t\t\t\t\t\t\t\t<li class=\"elementor-icon-list-item\">\n\t\t\t\t\t\t\t\t\t\t\t<span class=\"elementor-icon-list-icon\">\n\t\t\t\t\t\t\t<svg aria-hidden=\"true\" class=\"e-font-icon-svg e-fas-check-circle\" viewBox=\"0 0 512 512\" xmlns=\"http:\/\/www.w3.org\/2000\/svg\"><path d=\"M504 256c0 136.967-111.033 248-248 248S8 392.967 8 256 119.033 8 256 8s248 111.033 248 248zM227.314 387.314l184-184c6.248-6.248 6.248-16.379 0-22.627l-22.627-22.627c-6.248-6.249-16.379-6.249-22.628 0L216 308.118l-70.059-70.059c-6.248-6.248-16.379-6.248-22.628 0l-22.627 22.627c-6.248 6.248-6.248 16.379 0 22.627l104 104c6.249 6.249 16.379 6.249 22.628.001z\"><\/path><\/svg>\t\t\t\t\t\t<\/span>\n\t\t\t\t\t\t\t\t\t\t<span class=\"elementor-icon-list-text\">Disfrute de la comodidad de nuestra sede, y especialmente.<\/span>\n\t\t\t\t\t\t\t\t\t<\/li>\n\t\t\t\t\t\t\t\t<li class=\"elementor-icon-list-item\">\n\t\t\t\t\t\t\t\t\t\t\t<span class=\"elementor-icon-list-icon\">\n\t\t\t\t\t\t\t<svg aria-hidden=\"true\" class=\"e-font-icon-svg e-fas-check-circle\" viewBox=\"0 0 512 512\" xmlns=\"http:\/\/www.w3.org\/2000\/svg\"><path d=\"M504 256c0 136.967-111.033 248-248 248S8 392.967 8 256 119.033 8 256 8s248 111.033 248 248zM227.314 387.314l184-184c6.248-6.248 6.248-16.379 0-22.627l-22.627-22.627c-6.248-6.249-16.379-6.249-22.628 0L216 308.118l-70.059-70.059c-6.248-6.248-16.379-6.248-22.628 0l-22.627 22.627c-6.248 6.248-6.248 16.379 0 22.627l104 104c6.249 6.249 16.379 6.249 22.628.001z\"><\/path><\/svg>\t\t\t\t\t\t<\/span>\n\t\t\t\t\t\t\t\t\t\t<span class=\"elementor-icon-list-text\">Reconocimiento social como miembro de la familia ANCA<\/span>\n\t\t\t\t\t\t\t\t\t<\/li>\n\t\t\t\t\t\t<\/ul>\n\t\t\t\t<\/div>\n\t\t\t\t<\/div>\n\t\t\t\t<\/div>\n\t\t\t\t\t<\/div>\n\t\t\t\t<\/div>\n\t\t\t\t<\/div>\n\t\t\t\t<\/div>\n\t\t\t\t<\/div>\n\t\t<div class=\"elementor-element elementor-element-311ee30 e-flex e-con-boxed e-con e-parent\" data-id=\"311ee30\" data-element_type=\"container\" data-settings=\"{&quot;background_background&quot;:&quot;classic&quot;}\">\n\t\t\t\t\t<div class=\"e-con-inner\">\n\t\t<div class=\"elementor-element elementor-element-783459b e-con-full e-flex e-con e-child\" data-id=\"783459b\" data-element_type=\"container\">\n\t\t\t\t<div class=\"elementor-element elementor-element-5124494 cea-tablet-align-left elementor-widget elementor-widget-ceasectiontitle\" data-id=\"5124494\" data-element_type=\"widget\" data-widget_type=\"ceasectiontitle.default\">\n\t\t\t\t<div class=\"elementor-widget-container\">\n\t\t\t<div class=\"section-title-wrapper\"><div class=\"title-wrap\"><div class=\"sub-title\"><span class=\"subtitle-dots\">ANCA<\/span><\/div><h2 class=\"section-title\">Pasos a Seguir<\/h2><\/div><!-- .title-wrap --><div class=\"section-description\"><\/div><!-- .section-description --><\/div><!-- .section-title-wrapper -->\t\t<\/div>\n\t\t\t\t<\/div>\n\t\t\t\t<div class=\"elementor-element elementor-element-d943412 elementor-invisible elementor-widget elementor-widget-ceaaccordion\" data-id=\"d943412\" data-element_type=\"widget\" data-settings=\"{&quot;_animation&quot;:&quot;fadeInUp&quot;}\" data-widget_type=\"ceaaccordion.default\">\n\t\t\t\t\r\n\t\t<div class=\"elementor-widget-container cea-accordion-elementor-widget\" data-toggle=\"\">\r\n\t\t\t<div class=\"cea-accordions\" id=\"cea-accordion-1\"><div class=\"card cea-accordion\"><div class=\"card-header cea-accordion-header\"><a class=\"nav-item nav-link active\" href=\"#cea-accordion-1-1\"><span class=\"elementor-accordion-icon elementor-accordion-icon-left\" aria-hidden=\"true\"><span class=\"cea-accordion-icon-closed\"><i class=\" bi-arrow-up-right-circle-fill\"><\/i><\/span><span class=\"cea-accordion-icon-opened\"><i class=\" bi-arrow-down-right-circle-fill\"><\/i><\/span><\/span>01. Recibir invitaci\u00f3n de uno de nuestros asociados<\/a><\/div><!-- .card-header --><div class=\"cea-accordion-content active\" id=\"cea-accordion-1-1\"><div class=\"card-body\"><\/div><!-- .card-body --><\/div><!-- .cea-accordion-content --><\/div><!-- .card --><div class=\"card cea-accordion\"><div class=\"card-header cea-accordion-header\"><a class=\"nav-item nav-link\" href=\"#cea-accordion-1-2\"><span class=\"elementor-accordion-icon elementor-accordion-icon-left\" aria-hidden=\"true\"><span class=\"cea-accordion-icon-closed\"><i class=\" bi-arrow-up-right-circle-fill\"><\/i><\/span><span class=\"cea-accordion-icon-opened\"><i class=\" bi-arrow-down-right-circle-fill\"><\/i><\/span><\/span>02. Diligenciar completamente el formulario solicitud (formato suministrado por la asociaci\u00f3n)<\/a><\/div><!-- .card-header --><div class=\"cea-accordion-content\" id=\"cea-accordion-1-2\"><div class=\"card-body\"><\/div><!-- .card-body --><\/div><!-- .cea-accordion-content --><\/div><!-- .card --><div class=\"card cea-accordion\"><div class=\"card-header cea-accordion-header\"><a class=\"nav-item nav-link\" href=\"#cea-accordion-1-3\"><span class=\"elementor-accordion-icon elementor-accordion-icon-left\" aria-hidden=\"true\"><span class=\"cea-accordion-icon-closed\"><i class=\" bi-arrow-up-right-circle-fill\"><\/i><\/span><span class=\"cea-accordion-icon-opened\"><i class=\" bi-arrow-down-right-circle-fill\"><\/i><\/span><\/span>03. Presentar carta recomendaci\u00f3n de dos socios activos<\/a><\/div><!-- .card-header --><div class=\"cea-accordion-content\" id=\"cea-accordion-1-3\"><div class=\"card-body\"><\/div><!-- .card-body --><\/div><!-- .cea-accordion-content --><\/div><!-- .card --><div class=\"card cea-accordion\"><div class=\"card-header cea-accordion-header\"><a class=\"nav-item nav-link\" href=\"#cea-accordion-1-4\"><span class=\"elementor-accordion-icon elementor-accordion-icon-left\" aria-hidden=\"true\"><span class=\"cea-accordion-icon-closed\"><i class=\" bi-arrow-up-right-circle-fill\"><\/i><\/span><span class=\"cea-accordion-icon-opened\"><i class=\" bi-arrow-down-right-circle-fill\"><\/i><\/span><\/span>04. La solicitud y cartas son presentadas a la Junta Directiva, para su correspondiente estudio<\/a><\/div><!-- .card-header --><div class=\"cea-accordion-content\" id=\"cea-accordion-1-4\"><div class=\"card-body\"><\/div><!-- .card-body --><\/div><!-- .cea-accordion-content --><\/div><!-- .card --><div class=\"card cea-accordion\"><div class=\"card-header cea-accordion-header\"><a class=\"nav-item nav-link\" href=\"#cea-accordion-1-5\"><span class=\"elementor-accordion-icon elementor-accordion-icon-left\" aria-hidden=\"true\"><span class=\"cea-accordion-icon-closed\"><i class=\" bi-arrow-up-right-circle-fill\"><\/i><\/span><span class=\"cea-accordion-icon-opened\"><i class=\" bi-arrow-down-right-circle-fill\"><\/i><\/span><\/span>05. En caso de no aceptaci\u00f3n, la asociaci\u00f3n no est\u00e1 obligada a explicar las razones de la decisi\u00f3n<\/a><\/div><!-- .card-header --><div class=\"cea-accordion-content\" id=\"cea-accordion-1-5\"><div class=\"card-body\"><\/div><!-- .card-body --><\/div><!-- .cea-accordion-content --><\/div><!-- .card --><div class=\"card cea-accordion\"><div class=\"card-header cea-accordion-header\"><a class=\"nav-item nav-link\" href=\"#cea-accordion-1-6\"><span class=\"elementor-accordion-icon elementor-accordion-icon-left\" aria-hidden=\"true\"><span class=\"cea-accordion-icon-closed\"><i class=\" bi-arrow-up-right-circle-fill\"><\/i><\/span><span class=\"cea-accordion-icon-opened\"><i class=\" bi-arrow-down-right-circle-fill\"><\/i><\/span><\/span>06. En caso de aprobaci\u00f3n, se enviar\u00e1 respuesta al solicitante, con las instrucciones para su vinculaci\u00f3n definitiva<\/a><\/div><!-- .card-header --><div class=\"cea-accordion-content\" id=\"cea-accordion-1-6\"><div class=\"card-body\"><\/div><!-- .card-body --><\/div><!-- .cea-accordion-content --><\/div><!-- .card --><div class=\"card cea-accordion\"><div class=\"card-header cea-accordion-header\"><a class=\"nav-item nav-link\" href=\"#cea-accordion-1-7\"><span class=\"elementor-accordion-icon elementor-accordion-icon-left\" aria-hidden=\"true\"><span class=\"cea-accordion-icon-closed\"><i class=\" bi-arrow-up-right-circle-fill\"><\/i><\/span><span class=\"cea-accordion-icon-opened\"><i class=\" bi-arrow-down-right-circle-fill\"><\/i><\/span><\/span>07. Pago de derechos<\/a><\/div><!-- .card-header --><div class=\"cea-accordion-content\" id=\"cea-accordion-1-7\"><div class=\"card-body\"><\/div><!-- .card-body --><\/div><!-- .cea-accordion-content --><\/div><!-- .card --><\/div>\t\t\t\r\n\t\t<\/div>\r\n\t\t\t\t<\/div>\n\t\t\t\t<\/div>\n\t\t\t\t\t<\/div>\n\t\t\t\t<\/div>\n\t\t<div class=\"elementor-element elementor-element-d5abeb4 e-flex e-con-boxed e-con e-parent\" data-id=\"d5abeb4\" data-element_type=\"container\">\n\t\t\t\t\t<div class=\"e-con-inner\">\n\t\t\t\t<div class=\"elementor-element elementor-element-dc9a197 cea-tablet-align-left cea-align-center elementor-widget elementor-widget-ceasectiontitle\" data-id=\"dc9a197\" data-element_type=\"widget\" data-widget_type=\"ceasectiontitle.default\">\n\t\t\t\t<div class=\"elementor-widget-container\">\n\t\t\t<div class=\"section-title-wrapper\"><div class=\"title-wrap\"><div class=\"sub-title\"><span class=\"subtitle-dots\">descarga los formatos de solicitud<\/span><\/div><h2 class=\"section-title\"><\/h2><\/div><!-- .title-wrap --><div class=\"section-description\"><\/div><!-- .section-description --><\/div><!-- .section-title-wrapper -->\t\t<\/div>\n\t\t\t\t<\/div>\n\t\t\t\t\t<\/div>\n\t\t\t\t<\/div>\n\t\t<div class=\"elementor-element elementor-element-93f1ef9 e-flex e-con-boxed e-con e-parent\" data-id=\"93f1ef9\" data-element_type=\"container\">\n\t\t\t\t\t<div class=\"e-con-inner\">\n\t\t<div class=\"elementor-element elementor-element-c0d2425 e-con-full e-flex e-con e-child\" data-id=\"c0d2425\" data-element_type=\"container\">\n\t\t\t\t<div class=\"elementor-element elementor-element-463671e cea-btn-tablet-align-left cea-btn-align-right elementor-invisible elementor-widget elementor-widget-ceabutton\" data-id=\"463671e\" data-element_type=\"widget\" data-settings=\"{&quot;_animation&quot;:&quot;fadeInUp&quot;}\" data-widget_type=\"ceabutton.default\">\n\t\t\t\t<div class=\"elementor-widget-container cea-button-wrapper\">\r\n\t\t\t\t\t<div class=\"cea-button-wrapper\">\r\n\t\t\t<a class=\"elementor-button cea-button elementor-size-xs\">\r\n\t\t\t\t\t\t<span class=\"cea-button-content-wrapper\">\r\n\t\t\t\t\t\t<span class=\"cea-button-icon cea-align-icon-right\">\r\n\t\t\t\t<i aria-hidden=\"true\" class=\" bi-arrow-right\"><\/i>\t\t\t<\/span>\r\n\t\t\t\t\t\t<span class=\"cea-button-text\">PERSONA JUR\u00cdDICA<\/span>\r\n\t\t<\/span>\r\n\t\t\t\t\t<\/a>\r\n\t\t<\/div>\r\n\t\t\t\t<\/div>\r\n\t\t\t\t<\/div>\n\t\t\t\t<\/div>\n\t\t<div class=\"elementor-element elementor-element-0225c8a e-con-full e-flex e-con e-child\" data-id=\"0225c8a\" data-element_type=\"container\">\n\t\t\t\t<div class=\"elementor-element elementor-element-2dfff3d cea-btn-tablet-align-left elementor-invisible elementor-widget elementor-widget-ceabutton\" data-id=\"2dfff3d\" data-element_type=\"widget\" data-settings=\"{&quot;_animation&quot;:&quot;fadeInUp&quot;}\" data-widget_type=\"ceabutton.default\">\n\t\t\t\t<div class=\"elementor-widget-container cea-button-wrapper\">\r\n\t\t\t\t\t<div class=\"cea-button-wrapper\">\r\n\t\t\t<a class=\"elementor-button cea-button elementor-size-xs\">\r\n\t\t\t\t\t\t<span class=\"cea-button-content-wrapper\">\r\n\t\t\t\t\t\t<span class=\"cea-button-icon cea-align-icon-right\">\r\n\t\t\t\t<i aria-hidden=\"true\" class=\" bi-arrow-right\"><\/i>\t\t\t<\/span>\r\n\t\t\t\t\t\t<span class=\"cea-button-text\">PERSONA NATURAL<\/span>\r\n\t\t<\/span>\r\n\t\t\t\t\t<\/a>\r\n\t\t<\/div>\r\n\t\t\t\t<\/div>\r\n\t\t\t\t<\/div>\n\t\t\t\t<\/div>\n\t\t\t\t\t<\/div>\n\t\t\t\t<\/div>\n\t\t\t\t<\/div>\n\t\t","protected":false},"excerpt":{"rendered":"<p>Asociaci\u00f3n Nacional de Caballistas ANCA Af\u00edliate S\u00e9 parte de la familia ANCA Te invitamos a ser parte de nuestro selecto grupo de amigos del caballo criollo colombiano&#8230;<\/p>\n","protected":false},"author":1,"featured_media":0,"parent":0,"menu_order":0,"comment_status":"closed","ping_status":"closed","template":"","meta":{"footnotes":""},"class_list":["post-81648","page","type-page","status-publish","hentry"],"_links":{"self":[{"href":"https:\/\/anca.com.co\/sitio\/wp-json\/wp\/v2\/pages\/81648","targetHints":{"allow":["GET"]}}],"collection":[{"href":"https:\/\/anca.com.co\/sitio\/wp-json\/wp\/v2\/pages"}],"about":[{"href":"https:\/\/anca.com.co\/sitio\/wp-json\/wp\/v2\/types\/page"}],"author":[{"embeddable":true,"href":"https:\/\/anca.com.co\/sitio\/wp-json\/wp\/v2\/users\/1"}],"replies":[{"embeddable":true,"href":"https:\/\/anca.com.co\/sitio\/wp-json\/wp\/v2\/comments?post=81648"}],"version-history":[{"count":15,"href":"https:\/\/anca.com.co\/sitio\/wp-json\/wp\/v2\/pages\/81648\/revisions"}],"predecessor-version":[{"id":81668,"href":"https:\/\/anca.com.co\/sitio\/wp-json\/wp\/v2\/pages\/81648\/revisions\/81668"}],"wp:attachment":[{"href":"https:\/\/anca.com.co\/sitio\/wp-json\/wp\/v2\/media?parent=81648"}],"curies":[{"name":"wp","href":"https:\/\/api.w.org\/{rel}","templated":true}]}}