{"id":81529,"date":"2024-11-26T22:48:21","date_gmt":"2024-11-26T22:48:21","guid":{"rendered":"https:\/\/anca.com.co\/sitio\/?page_id=81529"},"modified":"2024-11-27T14:35:34","modified_gmt":"2024-11-27T14:35:34","slug":"formatos","status":"publish","type":"page","link":"http:\/\/anca.com.co\/sitio\/formatos\/","title":{"rendered":"Formatos"},"content":{"rendered":"\t\t<div data-elementor-type=\"wp-page\" data-elementor-id=\"81529\" class=\"elementor elementor-81529\">\n\t\t\t\t<div class=\"elementor-element elementor-element-7632112 e-flex e-con-boxed e-con e-parent\" data-id=\"7632112\" data-element_type=\"container\">\n\t\t\t\t\t<div class=\"e-con-inner\">\n\t\t<div class=\"elementor-element elementor-element-0a25c58 e-con-full e-flex e-con e-child\" data-id=\"0a25c58\" data-element_type=\"container\">\n\t\t\t\t<div class=\"elementor-element elementor-element-9967570 cea-btn-tablet-align-left dark-bg-button cea-btn-align-center elementor-invisible elementor-widget elementor-widget-ceabutton\" data-id=\"9967570\" data-element_type=\"widget\" data-settings=\"{&quot;_animation&quot;:&quot;fadeInUp&quot;}\" data-widget_type=\"ceabutton.default\">\n\t\t\t\t<div class=\"elementor-widget-container cea-button-wrapper\">\r\n\t\t\t\t\t<div class=\"cea-button-wrapper\">\r\n\t\t\t<a class=\"elementor-button cea-button elementor-size-sm\">\r\n\t\t\t\t\t\t<span class=\"cea-button-content-wrapper\">\r\n\t\t\t\t\t\t<span class=\"cea-button-icon cea-align-icon-right\">\r\n\t\t\t\t<i aria-hidden=\"true\" class=\" bi-arrow-right\"><\/i>\t\t\t<\/span>\r\n\t\t\t\t\t\t<span class=\"cea-button-text\">ACTA HOMOLOGACI\u00d3N<\/span>\r\n\t\t<\/span>\r\n\t\t\t\t\t<\/a>\r\n\t\t<\/div>\r\n\t\t\t\t<\/div>\r\n\t\t\t\t<\/div>\n\t\t\t\t<\/div>\n\t\t<div class=\"elementor-element elementor-element-7e5ac23 e-con-full e-flex e-con e-child\" data-id=\"7e5ac23\" data-element_type=\"container\">\n\t\t\t\t<div class=\"elementor-element elementor-element-7aa02d2 cea-btn-tablet-align-left dark-bg-button cea-btn-align-center elementor-invisible elementor-widget elementor-widget-ceabutton\" data-id=\"7aa02d2\" data-element_type=\"widget\" data-settings=\"{&quot;_animation&quot;:&quot;fadeInUp&quot;}\" data-widget_type=\"ceabutton.default\">\n\t\t\t\t<div class=\"elementor-widget-container cea-button-wrapper\">\r\n\t\t\t\t\t<div class=\"cea-button-wrapper\">\r\n\t\t\t<a class=\"elementor-button cea-button elementor-size-sm\">\r\n\t\t\t\t\t\t<span class=\"cea-button-content-wrapper\">\r\n\t\t\t\t\t\t<span class=\"cea-button-icon cea-align-icon-right\">\r\n\t\t\t\t<i aria-hidden=\"true\" class=\" bi-arrow-right\"><\/i>\t\t\t<\/span>\r\n\t\t\t\t\t\t<span class=\"cea-button-text\">SOLICITUD DE TRASPASO<\/span>\r\n\t\t<\/span>\r\n\t\t\t\t\t<\/a>\r\n\t\t<\/div>\r\n\t\t\t\t<\/div>\r\n\t\t\t\t<\/div>\n\t\t\t\t<\/div>\n\t\t<div class=\"elementor-element elementor-element-a44d8ef e-con-full e-flex e-con e-child\" data-id=\"a44d8ef\" data-element_type=\"container\">\n\t\t\t\t<div class=\"elementor-element elementor-element-e524fcd cea-btn-tablet-align-left dark-bg-button cea-btn-align-center elementor-invisible elementor-widget elementor-widget-ceabutton\" data-id=\"e524fcd\" data-element_type=\"widget\" data-settings=\"{&quot;_animation&quot;:&quot;fadeInUp&quot;}\" data-widget_type=\"ceabutton.default\">\n\t\t\t\t<div class=\"elementor-widget-container cea-button-wrapper\">\r\n\t\t\t\t\t<div class=\"cea-button-wrapper\">\r\n\t\t\t<a class=\"elementor-button cea-button elementor-size-sm\">\r\n\t\t\t\t\t\t<span class=\"cea-button-content-wrapper\">\r\n\t\t\t\t\t\t<span class=\"cea-button-icon cea-align-icon-right\">\r\n\t\t\t\t<i aria-hidden=\"true\" class=\" bi-arrow-right\"><\/i>\t\t\t<\/span>\r\n\t\t\t\t\t\t<span class=\"cea-button-text\">CONSTANCIA DE PERDIDA<\/span>\r\n\t\t<\/span>\r\n\t\t\t\t\t<\/a>\r\n\t\t<\/div>\r\n\t\t\t\t<\/div>\r\n\t\t\t\t<\/div>\n\t\t\t\t<\/div>\n\t\t<div class=\"elementor-element elementor-element-15c049e e-con-full e-flex e-con e-child\" data-id=\"15c049e\" data-element_type=\"container\">\n\t\t\t\t<div class=\"elementor-element elementor-element-988f8dd cea-btn-tablet-align-left dark-bg-button cea-btn-align-center elementor-invisible elementor-widget elementor-widget-ceabutton\" data-id=\"988f8dd\" data-element_type=\"widget\" data-settings=\"{&quot;_animation&quot;:&quot;fadeInUp&quot;}\" data-widget_type=\"ceabutton.default\">\n\t\t\t\t<div class=\"elementor-widget-container cea-button-wrapper\">\r\n\t\t\t\t\t<div class=\"cea-button-wrapper\">\r\n\t\t\t<a class=\"elementor-button cea-button elementor-size-sm\">\r\n\t\t\t\t\t\t<span class=\"cea-button-content-wrapper\">\r\n\t\t\t\t\t\t<span class=\"cea-button-icon cea-align-icon-right\">\r\n\t\t\t\t<i aria-hidden=\"true\" class=\" bi-arrow-right\"><\/i>\t\t\t<\/span>\r\n\t\t\t\t\t\t<span class=\"cea-button-text\">RENUNCIA TRASPASO<\/span>\r\n\t\t<\/span>\r\n\t\t\t\t\t<\/a>\r\n\t\t<\/div>\r\n\t\t\t\t<\/div>\r\n\t\t\t\t<\/div>\n\t\t\t\t<\/div>\n\t\t\t\t\t<\/div>\n\t\t\t\t<\/div>\n\t\t<div class=\"elementor-element elementor-element-3f6fed1 e-flex e-con-boxed e-con e-parent\" data-id=\"3f6fed1\" data-element_type=\"container\">\n\t\t\t\t\t<div class=\"e-con-inner\">\n\t\t<div class=\"elementor-element elementor-element-0b65313 e-con-full e-flex e-con e-child\" data-id=\"0b65313\" data-element_type=\"container\">\n\t\t\t\t<div class=\"elementor-element elementor-element-30ee480 cea-btn-tablet-align-left dark-bg-button cea-btn-align-center elementor-invisible elementor-widget elementor-widget-ceabutton\" data-id=\"30ee480\" data-element_type=\"widget\" data-settings=\"{&quot;_animation&quot;:&quot;fadeInUp&quot;}\" data-widget_type=\"ceabutton.default\">\n\t\t\t\t<div class=\"elementor-widget-container cea-button-wrapper\">\r\n\t\t\t\t\t<div class=\"cea-button-wrapper\">\r\n\t\t\t<a class=\"elementor-button cea-button elementor-size-sm\">\r\n\t\t\t\t\t\t<span class=\"cea-button-content-wrapper\">\r\n\t\t\t\t\t\t<span class=\"cea-button-icon cea-align-icon-right\">\r\n\t\t\t\t<i aria-hidden=\"true\" class=\" bi-arrow-right\"><\/i>\t\t\t<\/span>\r\n\t\t\t\t\t\t<span class=\"cea-button-text\">RETENCI\u00d3N DE REGISTRO<\/span>\r\n\t\t<\/span>\r\n\t\t\t\t\t<\/a>\r\n\t\t<\/div>\r\n\t\t\t\t<\/div>\r\n\t\t\t\t<\/div>\n\t\t\t\t<\/div>\n\t\t<div class=\"elementor-element elementor-element-730ede9 e-con-full e-flex e-con e-child\" data-id=\"730ede9\" data-element_type=\"container\">\n\t\t\t\t<div class=\"elementor-element elementor-element-854ee04 cea-btn-tablet-align-left dark-bg-button cea-btn-align-center elementor-invisible elementor-widget elementor-widget-ceabutton\" data-id=\"854ee04\" data-element_type=\"widget\" data-settings=\"{&quot;_animation&quot;:&quot;fadeInUp&quot;}\" data-widget_type=\"ceabutton.default\">\n\t\t\t\t<div class=\"elementor-widget-container cea-button-wrapper\">\r\n\t\t\t\t\t<div class=\"cea-button-wrapper\">\r\n\t\t\t<a class=\"elementor-button cea-button elementor-size-sm\">\r\n\t\t\t\t\t\t<span class=\"cea-button-content-wrapper\">\r\n\t\t\t\t\t\t<span class=\"cea-button-icon cea-align-icon-right\">\r\n\t\t\t\t<i aria-hidden=\"true\" class=\" bi-arrow-right\"><\/i>\t\t\t<\/span>\r\n\t\t\t\t\t\t<span class=\"cea-button-text\">CERTIFICADO DEFUNCI\u00d3N<\/span>\r\n\t\t<\/span>\r\n\t\t\t\t\t<\/a>\r\n\t\t<\/div>\r\n\t\t\t\t<\/div>\r\n\t\t\t\t<\/div>\n\t\t\t\t<\/div>\n\t\t<div class=\"elementor-element elementor-element-9fac66a e-con-full e-flex e-con e-child\" data-id=\"9fac66a\" data-element_type=\"container\">\n\t\t\t\t<div class=\"elementor-element elementor-element-4bd664c cea-btn-tablet-align-left dark-bg-button cea-btn-align-center elementor-invisible elementor-widget elementor-widget-ceabutton\" data-id=\"4bd664c\" data-element_type=\"widget\" data-settings=\"{&quot;_animation&quot;:&quot;fadeInUp&quot;}\" data-widget_type=\"ceabutton.default\">\n\t\t\t\t<div class=\"elementor-widget-container cea-button-wrapper\">\r\n\t\t\t\t\t<div class=\"cea-button-wrapper\">\r\n\t\t\t<a class=\"elementor-button cea-button elementor-size-sm\">\r\n\t\t\t\t\t\t<span class=\"cea-button-content-wrapper\">\r\n\t\t\t\t\t\t<span class=\"cea-button-icon cea-align-icon-right\">\r\n\t\t\t\t<i aria-hidden=\"true\" class=\" bi-arrow-right\"><\/i>\t\t\t<\/span>\r\n\t\t\t\t\t\t<span class=\"cea-button-text\">BLOQUEO DE REGISTROS<\/span>\r\n\t\t<\/span>\r\n\t\t\t\t\t<\/a>\r\n\t\t<\/div>\r\n\t\t\t\t<\/div>\r\n\t\t\t\t<\/div>\n\t\t\t\t<\/div>\n\t\t<div class=\"elementor-element elementor-element-0e4321e e-con-full e-flex e-con e-child\" data-id=\"0e4321e\" data-element_type=\"container\">\n\t\t\t\t<div class=\"elementor-element elementor-element-3951609 cea-btn-tablet-align-left dark-bg-button cea-btn-align-center elementor-invisible elementor-widget elementor-widget-ceabutton\" data-id=\"3951609\" data-element_type=\"widget\" data-settings=\"{&quot;_animation&quot;:&quot;fadeInUp&quot;}\" data-widget_type=\"ceabutton.default\">\n\t\t\t\t<div class=\"elementor-widget-container cea-button-wrapper\">\r\n\t\t\t\t\t<div class=\"cea-button-wrapper\">\r\n\t\t\t<a class=\"elementor-button cea-button elementor-size-sm\">\r\n\t\t\t\t\t\t<span class=\"cea-button-content-wrapper\">\r\n\t\t\t\t\t\t<span class=\"cea-button-icon cea-align-icon-right\">\r\n\t\t\t\t<i aria-hidden=\"true\" class=\" bi-arrow-right\"><\/i>\t\t\t<\/span>\r\n\t\t\t\t\t\t<span class=\"cea-button-text\">EXTRAJUICIO ESPECIAL<\/span>\r\n\t\t<\/span>\r\n\t\t\t\t\t<\/a>\r\n\t\t<\/div>\r\n\t\t\t\t<\/div>\r\n\t\t\t\t<\/div>\n\t\t\t\t<\/div>\n\t\t\t\t\t<\/div>\n\t\t\t\t<\/div>\n\t\t<div class=\"elementor-element elementor-element-b0acb7e e-flex e-con-boxed e-con e-parent\" data-id=\"b0acb7e\" data-element_type=\"container\">\n\t\t\t\t\t<div class=\"e-con-inner\">\n\t\t<div class=\"elementor-element elementor-element-f9eb8b4 e-con-full e-flex e-con e-child\" data-id=\"f9eb8b4\" data-element_type=\"container\">\n\t\t\t\t<div class=\"elementor-element elementor-element-b50169f cea-btn-tablet-align-left dark-bg-button cea-btn-align-center elementor-invisible elementor-widget elementor-widget-ceabutton\" data-id=\"b50169f\" data-element_type=\"widget\" data-settings=\"{&quot;_animation&quot;:&quot;fadeInUp&quot;}\" data-widget_type=\"ceabutton.default\">\n\t\t\t\t<div class=\"elementor-widget-container cea-button-wrapper\">\r\n\t\t\t\t\t<div class=\"cea-button-wrapper\">\r\n\t\t\t<a class=\"elementor-button cea-button elementor-size-sm\">\r\n\t\t\t\t\t\t<span class=\"cea-button-content-wrapper\">\r\n\t\t\t\t\t\t<span class=\"cea-button-icon cea-align-icon-right\">\r\n\t\t\t\t<i aria-hidden=\"true\" class=\" bi-arrow-right\"><\/i>\t\t\t<\/span>\r\n\t\t\t\t\t\t<span class=\"cea-button-text\">INSCRIPCI\u00d3N MONTADORES<\/span>\r\n\t\t<\/span>\r\n\t\t\t\t\t<\/a>\r\n\t\t<\/div>\r\n\t\t\t\t<\/div>\r\n\t\t\t\t<\/div>\n\t\t\t\t<\/div>\n\t\t<div class=\"elementor-element elementor-element-5de16c2 e-con-full e-flex e-con e-child\" data-id=\"5de16c2\" data-element_type=\"container\">\n\t\t\t\t<div class=\"elementor-element elementor-element-cddcaa4 cea-btn-tablet-align-left dark-bg-button cea-btn-align-center elementor-invisible elementor-widget elementor-widget-ceabutton\" data-id=\"cddcaa4\" data-element_type=\"widget\" data-settings=\"{&quot;_animation&quot;:&quot;fadeInUp&quot;}\" data-widget_type=\"ceabutton.default\">\n\t\t\t\t<div class=\"elementor-widget-container cea-button-wrapper\">\r\n\t\t\t\t\t<div class=\"cea-button-wrapper\">\r\n\t\t\t<a class=\"elementor-button cea-button elementor-size-sm\">\r\n\t\t\t\t\t\t<span class=\"cea-button-content-wrapper\">\r\n\t\t\t\t\t\t<span class=\"cea-button-icon cea-align-icon-right\">\r\n\t\t\t\t<i aria-hidden=\"true\" class=\" bi-arrow-right\"><\/i>\t\t\t<\/span>\r\n\t\t\t\t\t\t<span class=\"cea-button-text\">INSCRIPCI\u00d3N PROPIETARIOS<\/span>\r\n\t\t<\/span>\r\n\t\t\t\t\t<\/a>\r\n\t\t<\/div>\r\n\t\t\t\t<\/div>\r\n\t\t\t\t<\/div>\n\t\t\t\t<\/div>\n\t\t<div class=\"elementor-element elementor-element-3161f94 e-con-full e-flex e-con e-child\" data-id=\"3161f94\" data-element_type=\"container\">\n\t\t\t\t<div class=\"elementor-element elementor-element-fc02680 cea-btn-tablet-align-left dark-bg-button cea-btn-align-center elementor-invisible elementor-widget elementor-widget-ceabutton\" data-id=\"fc02680\" data-element_type=\"widget\" data-settings=\"{&quot;_animation&quot;:&quot;fadeInUp&quot;}\" data-widget_type=\"ceabutton.default\">\n\t\t\t\t<div class=\"elementor-widget-container cea-button-wrapper\">\r\n\t\t\t\t\t<div class=\"cea-button-wrapper\">\r\n\t\t\t<a class=\"elementor-button cea-button elementor-size-sm\">\r\n\t\t\t\t\t\t<span class=\"cea-button-content-wrapper\">\r\n\t\t\t\t\t\t<span class=\"cea-button-icon cea-align-icon-right\">\r\n\t\t\t\t<i aria-hidden=\"true\" class=\" bi-arrow-right\"><\/i>\t\t\t<\/span>\r\n\t\t\t\t\t\t<span class=\"cea-button-text\">INSCRIPCI\u00d3N VETERINARIOS<\/span>\r\n\t\t<\/span>\r\n\t\t\t\t\t<\/a>\r\n\t\t<\/div>\r\n\t\t\t\t<\/div>\r\n\t\t\t\t<\/div>\n\t\t\t\t<\/div>\n\t\t<div class=\"elementor-element elementor-element-22423bd e-con-full e-flex e-con e-child\" data-id=\"22423bd\" data-element_type=\"container\">\n\t\t\t\t<div class=\"elementor-element elementor-element-4a06cf2 cea-btn-tablet-align-left dark-bg-button cea-btn-align-center elementor-invisible elementor-widget elementor-widget-ceabutton\" data-id=\"4a06cf2\" data-element_type=\"widget\" data-settings=\"{&quot;_animation&quot;:&quot;fadeInUp&quot;}\" data-widget_type=\"ceabutton.default\">\n\t\t\t\t<div class=\"elementor-widget-container cea-button-wrapper\">\r\n\t\t\t\t\t<div class=\"cea-button-wrapper\">\r\n\t\t\t<a class=\"elementor-button cea-button elementor-size-sm\">\r\n\t\t\t\t\t\t<span class=\"cea-button-content-wrapper\">\r\n\t\t\t\t\t\t<span class=\"cea-button-icon cea-align-icon-right\">\r\n\t\t\t\t<i aria-hidden=\"true\" class=\" bi-arrow-right\"><\/i>\t\t\t<\/span>\r\n\t\t\t\t\t\t<span class=\"cea-button-text\">ARPIRANTE JUEZ<\/span>\r\n\t\t<\/span>\r\n\t\t\t\t\t<\/a>\r\n\t\t<\/div>\r\n\t\t\t\t<\/div>\r\n\t\t\t\t<\/div>\n\t\t\t\t<\/div>\n\t\t\t\t\t<\/div>\n\t\t\t\t<\/div>\n\t\t<div class=\"elementor-element elementor-element-f221582 e-flex e-con-boxed e-con e-parent\" data-id=\"f221582\" data-element_type=\"container\">\n\t\t\t\t\t<div class=\"e-con-inner\">\n\t\t<div class=\"elementor-element elementor-element-96b5fcb e-con-full e-flex e-con e-child\" data-id=\"96b5fcb\" data-element_type=\"container\">\n\t\t\t\t<div class=\"elementor-element elementor-element-fbab6b3 cea-btn-tablet-align-left dark-bg-button cea-btn-align-center elementor-invisible elementor-widget elementor-widget-ceabutton\" data-id=\"fbab6b3\" data-element_type=\"widget\" data-settings=\"{&quot;_animation&quot;:&quot;fadeInUp&quot;}\" data-widget_type=\"ceabutton.default\">\n\t\t\t\t<div class=\"elementor-widget-container cea-button-wrapper\">\r\n\t\t\t\t\t<div class=\"cea-button-wrapper\">\r\n\t\t\t<a class=\"elementor-button cea-button elementor-size-sm\">\r\n\t\t\t\t\t\t<span class=\"cea-button-content-wrapper\">\r\n\t\t\t\t\t\t<span class=\"cea-button-icon cea-align-icon-right\">\r\n\t\t\t\t<i aria-hidden=\"true\" class=\" bi-arrow-right\"><\/i>\t\t\t<\/span>\r\n\t\t\t\t\t\t<span class=\"cea-button-text\">DECLARACI\u00d3N JURAMENTADA<\/span>\r\n\t\t<\/span>\r\n\t\t\t\t\t<\/a>\r\n\t\t<\/div>\r\n\t\t\t\t<\/div>\r\n\t\t\t\t<\/div>\n\t\t\t\t<\/div>\n\t\t<div class=\"elementor-element elementor-element-0ec71cc e-con-full e-flex e-con e-child\" data-id=\"0ec71cc\" data-element_type=\"container\">\n\t\t\t\t<div class=\"elementor-element elementor-element-0d183df cea-btn-tablet-align-left dark-bg-button cea-btn-align-center elementor-invisible elementor-widget elementor-widget-ceabutton\" data-id=\"0d183df\" data-element_type=\"widget\" data-settings=\"{&quot;_animation&quot;:&quot;fadeInUp&quot;}\" data-widget_type=\"ceabutton.default\">\n\t\t\t\t<div class=\"elementor-widget-container cea-button-wrapper\">\r\n\t\t\t\t\t<div class=\"cea-button-wrapper\">\r\n\t\t\t<a class=\"elementor-button cea-button elementor-size-sm\">\r\n\t\t\t\t\t\t<span class=\"cea-button-content-wrapper\">\r\n\t\t\t\t\t\t<span class=\"cea-button-icon cea-align-icon-right\">\r\n\t\t\t\t<i aria-hidden=\"true\" class=\" bi-arrow-right\"><\/i>\t\t\t<\/span>\r\n\t\t\t\t\t\t<span class=\"cea-button-text\">HOMOLOGACI\u00d3N 5 A\u00d1OS<\/span>\r\n\t\t<\/span>\r\n\t\t\t\t\t<\/a>\r\n\t\t<\/div>\r\n\t\t\t\t<\/div>\r\n\t\t\t\t<\/div>\n\t\t\t\t<\/div>\n\t\t<div class=\"elementor-element elementor-element-67c85cc e-con-full e-flex e-con e-child\" data-id=\"67c85cc\" data-element_type=\"container\">\n\t\t\t\t<\/div>\n\t\t<div class=\"elementor-element elementor-element-ab56747 e-con-full e-flex e-con e-child\" data-id=\"ab56747\" data-element_type=\"container\">\n\t\t\t\t<\/div>\n\t\t\t\t\t<\/div>\n\t\t\t\t<\/div>\n\t\t<div class=\"elementor-element elementor-element-0c3c26e e-flex e-con-boxed e-con e-parent\" data-id=\"0c3c26e\" data-element_type=\"container\">\n\t\t\t\t\t<div class=\"e-con-inner\">\n\t\t<div class=\"elementor-element elementor-element-2cdb18d e-con-full e-flex e-con e-child\" data-id=\"2cdb18d\" data-element_type=\"container\">\n\t\t\t\t<\/div>\n\t\t<div class=\"elementor-element elementor-element-25692e0 e-con-full e-flex e-con e-child\" data-id=\"25692e0\" data-element_type=\"container\">\n\t\t<div class=\"elementor-element elementor-element-9790d13 e-con-full e-flex e-con e-child\" data-id=\"9790d13\" data-element_type=\"container\">\n\t\t<div class=\"elementor-element elementor-element-e7c6c4a e-con-full e-flex e-con e-child\" data-id=\"e7c6c4a\" data-element_type=\"container\">\n\t\t\t\t<div class=\"elementor-element elementor-element-9c0515d cea-btn-tablet-align-left elementor-invisible elementor-widget elementor-widget-ceabutton\" data-id=\"9c0515d\" data-element_type=\"widget\" data-settings=\"{&quot;_animation&quot;:&quot;fadeInUp&quot;}\" data-widget_type=\"ceabutton.default\">\n\t\t\t\t<div class=\"elementor-widget-container cea-button-wrapper\">\r\n\t\t\t\t\t<div class=\"cea-button-wrapper\">\r\n\t\t\t<a href=\"https:\/\/anca.com.co\/sitio\/servicios\/\" class=\"cea-button-link elementor-button cea-button elementor-size-xs\">\r\n\t\t\t\t\t\t<span class=\"cea-button-content-wrapper\">\r\n\t\t\t\t\t\t<span class=\"cea-button-icon cea-align-icon-right\">\r\n\t\t\t\t<i aria-hidden=\"true\" class=\" bi-arrow-right\"><\/i>\t\t\t<\/span>\r\n\t\t\t\t\t\t<span class=\"cea-button-text\">SERVICIOS<\/span>\r\n\t\t<\/span>\r\n\t\t\t\t\t<\/a>\r\n\t\t<\/div>\r\n\t\t\t\t<\/div>\r\n\t\t\t\t<\/div>\n\t\t\t\t<\/div>\n\t\t\t\t<\/div>\n\t\t\t\t<\/div>\n\t\t\t\t\t<\/div>\n\t\t\t\t<\/div>\n\t\t\t\t<\/div>\n\t\t","protected":false},"excerpt":{"rendered":"<p>ACTA HOMOLOGACI\u00d3N SOLICITUD DE TRASPASO CONSTANCIA DE PERDIDA RENUNCIA TRASPASO RETENCI\u00d3N DE REGISTRO CERTIFICADO DEFUNCI\u00d3N BLOQUEO DE REGISTROS EXTRAJUICIO ESPECIAL INSCRIPCI\u00d3N MONTADORES INSCRIPCI\u00d3N PROPIETARIOS INSCRIPCI\u00d3N VETERINARIOS ARPIRANTE..<\/p>\n","protected":false},"author":1,"featured_media":0,"parent":0,"menu_order":0,"comment_status":"closed","ping_status":"closed","template":"","meta":{"footnotes":""},"class_list":["post-81529","page","type-page","status-publish","hentry"],"_links":{"self":[{"href":"http:\/\/anca.com.co\/sitio\/wp-json\/wp\/v2\/pages\/81529","targetHints":{"allow":["GET"]}}],"collection":[{"href":"http:\/\/anca.com.co\/sitio\/wp-json\/wp\/v2\/pages"}],"about":[{"href":"http:\/\/anca.com.co\/sitio\/wp-json\/wp\/v2\/types\/page"}],"author":[{"embeddable":true,"href":"http:\/\/anca.com.co\/sitio\/wp-json\/wp\/v2\/users\/1"}],"replies":[{"embeddable":true,"href":"http:\/\/anca.com.co\/sitio\/wp-json\/wp\/v2\/comments?post=81529"}],"version-history":[{"count":7,"href":"http:\/\/anca.com.co\/sitio\/wp-json\/wp\/v2\/pages\/81529\/revisions"}],"predecessor-version":[{"id":81613,"href":"http:\/\/anca.com.co\/sitio\/wp-json\/wp\/v2\/pages\/81529\/revisions\/81613"}],"wp:attachment":[{"href":"http:\/\/anca.com.co\/sitio\/wp-json\/wp\/v2\/media?parent=81529"}],"curies":[{"name":"wp","href":"https:\/\/api.w.org\/{rel}","templated":true}]}}